{"id":12,"date":"2025-09-07T15:28:38","date_gmt":"2025-09-07T15:28:38","guid":{"rendered":"https:\/\/havalandirma.site\/?page_id=12"},"modified":"2025-09-07T15:42:19","modified_gmt":"2025-09-07T15:42:19","slug":"iletisim","status":"publish","type":"page","link":"https:\/\/havalandirma.site\/index.php\/iletisim\/","title":{"rendered":"\u0130leti\u015fim"},"content":{"rendered":"\n<p>Telefon \/ Whatsapp : +90 554 650 48 31<\/p>\n\n\n\n<p>Adres: Maltepe mah. Faz\u0131lpa\u015fa cad. 4 Zer Sanayi Sitesi no: 16 . \u0130\u00e7 kap\u0131 no: 65 Zeytinburnu \u0130stanbul<\/p>\n\n\n<p><iframe src=\"https:\/\/www.google.com\/maps\/embed?pb=!1m18!1m12!1m3!1d8036.211102529011!2d28.914051464302457!3d41.02136124966006!2m3!1f0!2f0!3f0!3m2!1i1024!2i768!4f13.1!3m3!1m2!1s0x14caba599278e429%3A0xfdc027f99d2500d2!2s4.%20Zer%20Sanayi%20Sitesi!5e0!3m2!1str!2str!4v1757259618480!5m2!1str!2str\" width=\"600\" height=\"450\" style=\"border:0;\" allowfullscreen=\"\" loading=\"lazy\" referrerpolicy=\"no-referrer-when-downgrade\"><\/iframe><\/p>\n","protected":false},"excerpt":{"rendered":"<p>Telefon \/ Whatsapp : +90 554 650 48 31 Adres: Maltepe mah. Faz\u0131lpa\u015fa cad. 4 Zer Sanayi Sitesi no: 16 . \u0130\u00e7 kap\u0131 no: 65 Zeytinburnu \u0130stanbul<\/p>\n","protected":false},"author":1,"featured_media":0,"parent":0,"menu_order":0,"comment_status":"closed","ping_status":"closed","template":"","meta":{"footnotes":""},"class_list":["post-12","page","type-page","status-publish","hentry"],"_links":{"self":[{"href":"https:\/\/havalandirma.site\/index.php\/wp-json\/wp\/v2\/pages\/12","targetHints":{"allow":["GET"]}}],"collection":[{"href":"https:\/\/havalandirma.site\/index.php\/wp-json\/wp\/v2\/pages"}],"about":[{"href":"https:\/\/havalandirma.site\/index.php\/wp-json\/wp\/v2\/types\/page"}],"author":[{"embeddable":true,"href":"https:\/\/havalandirma.site\/index.php\/wp-json\/wp\/v2\/users\/1"}],"replies":[{"embeddable":true,"href":"https:\/\/havalandirma.site\/index.php\/wp-json\/wp\/v2\/comments?post=12"}],"version-history":[{"count":7,"href":"https:\/\/havalandirma.site\/index.php\/wp-json\/wp\/v2\/pages\/12\/revisions"}],"predecessor-version":[{"id":24,"href":"https:\/\/havalandirma.site\/index.php\/wp-json\/wp\/v2\/pages\/12\/revisions\/24"}],"wp:attachment":[{"href":"https:\/\/havalandirma.site\/index.php\/wp-json\/wp\/v2\/media?parent=12"}],"curies":[{"name":"wp","href":"https:\/\/api.w.org\/{rel}","templated":true}]}}